{"id":14,"date":"2025-04-03T11:22:27","date_gmt":"2025-04-03T09:22:27","guid":{"rendered":"https:\/\/artepaint.eu\/?page_id=3"},"modified":"2025-05-07T11:48:48","modified_gmt":"2025-05-07T11:48:48","slug":"ochrana-sukromia","status":"publish","type":"page","link":"https:\/\/betonploty.sk\/cz\/ochrana-sukromia\/","title":{"rendered":"Z\u00e1sady ochrany osobn\u00edch \u00fadaj\u016f"},"content":{"rendered":"<div data-elementor-type=\"wp-page\" data-elementor-id=\"14\" class=\"elementor elementor-14\">\n\t\t\t\t<div class=\"elementor-element elementor-element-13b806c3 e-flex e-con-boxed e-con e-parent\" data-id=\"13b806c3\" data-element_type=\"container\" data-e-type=\"container\">\n\t\t\t\t\t<div class=\"e-con-inner\">\n\t\t\t\t<div class=\"elementor-element elementor-element-35e92720 elementor-invisible elementor-widget elementor-widget-text-editor\" data-id=\"35e92720\" data-element_type=\"widget\" data-e-type=\"widget\" data-settings=\"{&quot;_animation&quot;:&quot;fadeInUp&quot;}\" data-widget_type=\"text-editor.default\">\n\t\t\t\t<div class=\"elementor-widget-container\">\n\t\t\t\t\t\t\t\t\t<h2 class=\"wp-block-heading\">Kdo jsme<\/h2>\n<p><!-- \/wp:heading --><!-- wp:paragraph --><\/p>\n<p>Spr\u00e1vce osobn\u00edch \u00fadaj\u016f je spole\u010dnost, kter\u00e1 ur\u010duje \u00fa\u010del a prost\u0159edky zpracov\u00e1v\u00e1n\u00ed osobn\u00edch \u00fadaj\u016f pro webovou lokalitu: www.betonploty.sk.<br \/>Pro marketingov\u00e9 \u00fa\u010dely je spr\u00e1vcem Va\u0161ich osobn\u00edch \u00fadaj\u016f:<br \/><strong>TR beton s.r.o.<\/strong>, Krakovsk\u00e1 67, 919 25 \u0160\u00farovce, SK, <a href=\"mailto:info@betonploty.sk\">info@betonploty.sk<\/a><\/p>\n<p><!-- \/wp:paragraph --><!-- wp:heading --><\/p>\n<p><!-- \/wp:paragraph --><\/p>\t\t\t\t\t\t\t\t<\/div>\n\t\t\t\t<\/div>\n\t\t\t\t<div class=\"elementor-element elementor-element-d920140 elementor-invisible elementor-widget elementor-widget-text-editor\" data-id=\"d920140\" data-element_type=\"widget\" data-e-type=\"widget\" data-settings=\"{&quot;_animation&quot;:&quot;fadeInUp&quot;}\" data-widget_type=\"text-editor.default\">\n\t\t\t\t<div class=\"elementor-widget-container\">\n\t\t\t\t\t\t\t\t\t<h2 class=\"wp-block-heading\">Koment\u00e1\u0159e<\/h2>\n<p><!-- \/wp:heading --><!-- wp:paragraph --><\/p>\n<p>Kdy\u017e n\u00e1v\u0161t\u011bvn\u00edci webu zanechavaj\u00ed na str\u00e1nce koment\u00e1\u0159e, sb\u00edr\u00e1me \u00fadaje, kter\u00e9 jsou zobrazeny ve formul\u00e1\u0159i koment\u00e1\u0159e a tak\u00e9 IP adresu u\u017eivatel\u016f a User Agent prohl\u00ed\u017ee\u010de z d\u016fvodu ochrany proti spamu.<\/p>\n<p><!-- \/wp:paragraph --><!-- wp:paragraph --><\/p>\n<p>Anonymizovan\u00fd \u0159et\u011bzec vytvo\u0159en\u00fd z va\u0161\u00ed e-mailov\u00e9 adresy (naz\u00fdvan\u00fd tak\u00e9 hash) m\u016f\u017ee b\u00fdt poskytnut slu\u017eb\u011b Gravatar pro ov\u011b\u0159en\u00ed, zda ji pou\u017e\u00edv\u00e1te. Z\u00e1sady ochrany osobn\u00edch \u00fadaj\u016f slu\u017eby Gravatar naleznete na: <a href=\"https:\/\/automattic.com\/privacy\/\" target=\"_blank\" rel=\"noopener\">https:\/\/automattic.com\/privacy\/<\/a>. Po schv\u00e1len\u00ed va\u0161eho koment\u00e1\u0159e bude va\u0161e profilov\u00e1 fotografie ve\u0159ejn\u011b zobrazena spolu s obsahem va\u0161eho koment\u00e1\u0159e.<\/p>\n<p><!-- \/wp:paragraph --><!-- wp:heading --><\/p>\n<p><!-- \/wp:paragraph --><\/p>\t\t\t\t\t\t\t\t<\/div>\n\t\t\t\t<\/div>\n\t\t\t\t<div class=\"elementor-element elementor-element-b417442 elementor-invisible elementor-widget elementor-widget-text-editor\" data-id=\"b417442\" data-element_type=\"widget\" data-e-type=\"widget\" data-settings=\"{&quot;_animation&quot;:&quot;fadeInUp&quot;}\" data-widget_type=\"text-editor.default\">\n\t\t\t\t<div class=\"elementor-widget-container\">\n\t\t\t\t\t\t\t\t\t<h2 class=\"wp-block-heading\">Multim\u00e9dia<\/h2>\n<p><!-- \/wp:heading --><!-- wp:paragraph --><\/p>\n<p>P\u0159i nahr\u00e1v\u00e1n\u00ed obr\u00e1zk\u016f na webovou str\u00e1nku byste se m\u011bli vyhnout nahr\u00e1v\u00e1n\u00ed obr\u00e1zk\u016f s EXIF \u200b\u200bGPS \u00fadaji o poloze. N\u00e1v\u0161t\u011bvn\u00edci webu mohou st\u00e1hnout a zobrazit jak\u00e9koli \u00fadaje o poloze z obr\u00e1zk\u016f.<\/p>\n<p><!-- \/wp:paragraph --><!-- wp:heading --><\/p>\n<p><!-- \/wp:paragraph --><\/p>\t\t\t\t\t\t\t\t<\/div>\n\t\t\t\t<\/div>\n\t\t\t\t<div class=\"elementor-element elementor-element-a8a61dd elementor-invisible elementor-widget elementor-widget-text-editor\" data-id=\"a8a61dd\" data-element_type=\"widget\" data-e-type=\"widget\" data-settings=\"{&quot;_animation&quot;:&quot;fadeInUp&quot;}\" data-widget_type=\"text-editor.default\">\n\t\t\t\t<div class=\"elementor-widget-container\">\n\t\t\t\t\t\t\t\t\t<h2 class=\"wp-block-heading\">Soubory cookies<\/h2>\n<p><!-- \/wp:heading --><!-- wp:paragraph --><\/p>\n<p>Pokud p\u0159id\u00e1te koment\u00e1\u0159 na na\u0161\u00ed str\u00e1nce, m\u016f\u017eete souhlasit s ulo\u017een\u00edm va\u0161eho jm\u00e9na, e-mailov\u00e9 adresy a webov\u00e9 str\u00e1nky do soubor\u016f cookies. Je to pro va\u0161e pohodl\u00ed, abyste nemuseli znovu vypl\u0148ovat va\u0161e \u00fadaje znovu p\u0159i p\u0159id\u00e1v\u00e1n\u00ed dal\u0161\u00edho koment\u00e1\u0159e. Tyto soubory cookies jsou platn\u00e9 jeden rok.<\/p>\n<p><!-- \/wp:paragraph --><!-- wp:paragraph --><\/p>\n<p>Pokud nav\u0161t\u00edv\u00edte na\u0161i str\u00e1nku p\u0159ihl\u00e1\u0161en\u00ed, ulo\u017e\u00edme do\u010dasn\u00e9 soubory cookies k ur\u010den\u00ed toho, zda v\u00e1\u0161 prohl\u00ed\u017ee\u010d akceptuje soubory cookies. Tyto soubory cookies neobsahuj\u00ed \u017e\u00e1dn\u00e9 osobn\u00ed \u00fadaje a jsou odstran\u011bny p\u0159i zav\u0159en\u00ed prohl\u00ed\u017ee\u010de.<\/p>\n<p><!-- \/wp:paragraph --><!-- wp:paragraph --><\/p>\n<p>P\u0159i p\u0159ihl\u00e1\u0161en\u00ed nastav\u00edme n\u011bkolik soubor\u016f cookies, abychom ulo\u017eili va\u0161e p\u0159ihla\u0161ovac\u00ed \u00fadaje a nastaven\u00ed zobrazen\u00ed. P\u0159ihla\u0161ovac\u00ed cookies jsou platn\u00e9 dva dny a nastaven\u00ed zobrazen\u00ed jeden rok. Pokud zvol\u00edte mo\u017enost \u201ezapamatovat\u201c, va\u0161e p\u0159ihl\u00e1\u0161en\u00ed bude platn\u00e9 dva t\u00fddny. P\u0159i odhl\u00e1\u0161en\u00ed se z va\u0161eho \u00fa\u010dtu jsou soubory cookies odstran\u011bny.<\/p>\n<p><!-- \/wp:paragraph --><!-- wp:paragraph --><\/p>\n<p>P\u0159i \u00faprav\u011b nebo publikov\u00e1n\u00ed \u010dl\u00e1nku budou ve va\u0161em prohl\u00ed\u017ee\u010di ulo\u017eeny dodate\u010dn\u00e9 soubory cookies. Tyto soubory cookies neobsahuj\u00ed \u017e\u00e1dn\u00e9 osobn\u00ed \u00fadaje a odkazuj\u00ed pouze na ID \u010dl\u00e1nku, kter\u00fd jste upravovali. Soubory jsou platn\u00e9 1 den.<\/p>\n<p><!-- \/wp:paragraph --><!-- wp:heading --><\/p>\n<p><!-- \/wp:paragraph --><\/p>\t\t\t\t\t\t\t\t<\/div>\n\t\t\t\t<\/div>\n\t\t\t\t<div class=\"elementor-element elementor-element-7072b2f elementor-invisible elementor-widget elementor-widget-text-editor\" data-id=\"7072b2f\" data-element_type=\"widget\" data-e-type=\"widget\" data-settings=\"{&quot;_animation&quot;:&quot;fadeInUp&quot;}\" data-widget_type=\"text-editor.default\">\n\t\t\t\t<div class=\"elementor-widget-container\">\n\t\t\t\t\t\t\t\t\t<h2 class=\"wp-block-heading\">Vlo\u017een\u00fd obsah z jin\u00fdch webov\u00fdch str\u00e1nek<\/h2>\n<p><!-- \/wp:heading --><!-- wp:paragraph --><\/p>\n<p>\u010cl\u00e1nky na t\u00e9to webov\u00e9 str\u00e1nce mohou obsahovat vlo\u017een\u00fd obsah (nap\u0159. videa, obr\u00e1zky, \u010dl\u00e1nky a podobn\u011b). Vlo\u017een\u00fd obsah z jin\u00fdch str\u00e1nek se chov\u00e1 stejn\u011b, jako by n\u00e1v\u0161t\u011bvn\u00edk nav\u0161t\u00edvil jinou webovou str\u00e1nku.<\/p>\n<p><!-- \/wp:paragraph --><!-- wp:paragraph --><\/p>\n<p>Tyto webov\u00e9 str\u00e1nky mohou o v\u00e1s sb\u00edrat osobn\u00ed \u00fadaje, pou\u017e\u00edvat soubory cookies, vkl\u00e1dat t\u0159et\u00ed stranov\u00e9 sledov\u00e1n\u00ed a monitorovat va\u0161i interakci s vlo\u017een\u00fdm obsahem, v\u010detn\u011b sledov\u00e1n\u00ed va\u0161\u00ed interakce s vlo\u017een\u00fdm obsahem, pokud na dan\u00e9 webov\u00e9 str\u00e1nce m\u00e1te \u00fa\u010det a jste p\u0159ihl\u00e1\u0161eni.<\/p>\n<p><!-- \/wp:paragraph --><!-- wp:heading --><\/p>\n<p><!-- \/wp:paragraph --><\/p>\t\t\t\t\t\t\t\t<\/div>\n\t\t\t\t<\/div>\n\t\t\t\t<div class=\"elementor-element elementor-element-a31a31f elementor-invisible elementor-widget elementor-widget-text-editor\" data-id=\"a31a31f\" data-element_type=\"widget\" data-e-type=\"widget\" data-settings=\"{&quot;_animation&quot;:&quot;fadeInUp&quot;}\" data-widget_type=\"text-editor.default\">\n\t\t\t\t<div class=\"elementor-widget-container\">\n\t\t\t\t\t\t\t\t\t<h2 class=\"wp-block-heading\">S k\u00fdm sd\u00edl\u00edme va\u0161e data<\/h2>\n<p><!-- \/wp:heading --><!-- wp:paragraph --><\/p>\n<p>Pokud po\u017eadujete obnoven\u00ed hesla, va\u0161e adresa IP bude uvedena v e-mailu pro obnoven\u00ed hesla.<\/p>\n<p><!-- \/wp:paragraph --><!-- wp:heading --><\/p>\n<p><!-- \/wp:paragraph --><\/p>\t\t\t\t\t\t\t\t<\/div>\n\t\t\t\t<\/div>\n\t\t\t\t<div class=\"elementor-element elementor-element-eb0ba90 elementor-invisible elementor-widget elementor-widget-text-editor\" data-id=\"eb0ba90\" data-element_type=\"widget\" data-e-type=\"widget\" data-settings=\"{&quot;_animation&quot;:&quot;fadeInUp&quot;}\" data-widget_type=\"text-editor.default\">\n\t\t\t\t<div class=\"elementor-widget-container\">\n\t\t\t\t\t\t\t\t\t<h2 class=\"wp-block-heading\">Jak dlouho uchov\u00e1v\u00e1me va\u0161e \u00fadaje<\/h2>\n<p><!-- \/wp:heading --><!-- wp:paragraph --><\/p>\n<p>P\u0159i p\u0159id\u00e1v\u00e1n\u00ed koment\u00e1\u0159e, koment\u00e1\u0159 a jeho metadata jsou uchov\u00e1v\u00e1ny odd\u011blen\u011b. D\u00edky tomu um\u00edme automaticky rozpoznat a schv\u00e1lit jak\u00e9koli souvisej\u00edc\u00ed koment\u00e1\u0159e, ani\u017e by musely b\u00fdt podr\u017eeny k moderaci.<\/p>\n<p><!-- \/wp:paragraph --><!-- wp:paragraph --><\/p>\n<p>Pro u\u017eivatele, kte\u0159\u00ed se zaregistruj\u00ed na na\u0161ich webov\u00fdch str\u00e1nk\u00e1ch (pokud takov\u00ed existuj\u00ed), ukl\u00e1d\u00e1me i osobn\u00ed \u00fadaje, kter\u00e9 poskytuj\u00ed, do jejich u\u017eivatelsk\u00e9ho profilu. V\u0161ichni u\u017eivatel\u00e9 mohou kdykoli zobrazit, upravit nebo odstranit sv\u00e9 osobn\u00ed \u00fadaje (krom\u011b zm\u011bny u\u017eivatelsk\u00e9ho). Spr\u00e1vci webov\u00fdch str\u00e1nek tak\u00e9 mohou zobrazit a upravit tyto informace.<\/p>\n<p><!-- \/wp:paragraph --><!-- wp:heading --><\/p>\n<p><!-- \/wp:paragraph --><\/p>\t\t\t\t\t\t\t\t<\/div>\n\t\t\t\t<\/div>\n\t\t\t\t<div class=\"elementor-element elementor-element-3f683f6 elementor-invisible elementor-widget elementor-widget-text-editor\" data-id=\"3f683f6\" data-element_type=\"widget\" data-e-type=\"widget\" data-settings=\"{&quot;_animation&quot;:&quot;fadeInUp&quot;}\" data-widget_type=\"text-editor.default\">\n\t\t\t\t<div class=\"elementor-widget-container\">\n\t\t\t\t\t\t\t\t\t<h2 class=\"wp-block-heading\">Jak\u00e1 pr\u00e1va m\u00e1te nad sv\u00fdmi \u00fadaji<\/h2>\n<p><!-- \/wp:heading --><!-- wp:paragraph --><\/p>\n<p>Pokud na t\u00e9to webov\u00e9 str\u00e1nce m\u00e1te \u00fa\u010det, nebo jste zde p\u0159idali koment\u00e1\u0159, m\u016f\u017eete po\u017e\u00e1dat o export va\u0161ich osobn\u00edch \u00fadaj\u016f, kter\u00e9 o v\u00e1s ukl\u00e1d\u00e1me, v\u010detn\u011b \u00fadaj\u016f, kter\u00e9 jste n\u00e1m poskytli. M\u016f\u017eete tak\u00e9 po\u017e\u00e1dat o vymaz\u00e1n\u00ed osobn\u00edch \u00fadaj\u016f. To se ale net\u00fdk\u00e1 \u00fadaj\u016f, kter\u00e9 o v\u00e1s mus\u00edme uchov\u00e1vat z administrativn\u00edch, pr\u00e1vn\u00edch nebo bezpe\u010dnostn\u00edch d\u016fvod\u016f.<\/p>\n<p><!-- \/wp:paragraph --><!-- wp:heading --><\/p>\n<p><!-- \/wp:paragraph --><\/p>\t\t\t\t\t\t\t\t<\/div>\n\t\t\t\t<\/div>\n\t\t\t\t<div class=\"elementor-element elementor-element-e703e1b elementor-invisible elementor-widget elementor-widget-text-editor\" data-id=\"e703e1b\" data-element_type=\"widget\" data-e-type=\"widget\" data-settings=\"{&quot;_animation&quot;:&quot;fadeInUp&quot;}\" data-widget_type=\"text-editor.default\">\n\t\t\t\t<div class=\"elementor-widget-container\">\n\t\t\t\t\t\t\t\t\t<h2 class=\"wp-block-heading\">Kam se va\u0161e data odes\u00edlaj\u00ed<\/h2>\n<p><!-- \/wp:heading --><!-- wp:paragraph --><\/p>\n<p>Koment\u00e1\u0159e n\u00e1v\u0161t\u011bvn\u00edk\u016f mohou b\u00fdt kontrolov\u00e1ny prost\u0159ednictv\u00edm automatizovan\u00e9 slu\u017eby pro detekci spamu.<\/p>\n<p><!-- \/wp:paragraph --><!-- wp:heading --><\/p>\n<p><!-- \/wp:paragraph --><\/p>\t\t\t\t\t\t\t\t<\/div>\n\t\t\t\t<\/div>\n\t\t\t\t\t<\/div>\n\t\t\t\t<\/div>\n\t\t\t\t<\/div>","protected":false},"excerpt":{"rendered":"<p>GDPR<\/p>","protected":false},"author":1,"featured_media":0,"parent":0,"menu_order":0,"comment_status":"closed","ping_status":"closed","template":"","meta":{"footnotes":""},"class_list":["post-14","page","type-page","status-publish","hentry"],"blocksy_meta":[],"_links":{"self":[{"href":"https:\/\/betonploty.sk\/cz\/wp-json\/wp\/v2\/pages\/14","targetHints":{"allow":["GET"]}}],"collection":[{"href":"https:\/\/betonploty.sk\/cz\/wp-json\/wp\/v2\/pages"}],"about":[{"href":"https:\/\/betonploty.sk\/cz\/wp-json\/wp\/v2\/types\/page"}],"author":[{"embeddable":true,"href":"https:\/\/betonploty.sk\/cz\/wp-json\/wp\/v2\/users\/1"}],"replies":[{"embeddable":true,"href":"https:\/\/betonploty.sk\/cz\/wp-json\/wp\/v2\/comments?post=14"}],"version-history":[{"count":0,"href":"https:\/\/betonploty.sk\/cz\/wp-json\/wp\/v2\/pages\/14\/revisions"}],"wp:attachment":[{"href":"https:\/\/betonploty.sk\/cz\/wp-json\/wp\/v2\/media?parent=14"}],"curies":[{"name":"wp","href":"https:\/\/api.w.org\/{rel}","templated":true}]}}