{"id":14,"date":"2025-04-03T11:22:27","date_gmt":"2025-04-03T09:22:27","guid":{"rendered":"https:\/\/artepaint.eu\/?page_id=3"},"modified":"2025-05-07T11:48:48","modified_gmt":"2025-05-07T11:48:48","slug":"ochrana-sukromia","status":"publish","type":"page","link":"https:\/\/betonploty.sk\/hu\/ochrana-sukromia\/","title":{"rendered":"Adatv\u00e9delmi ir\u00e1nyelveket"},"content":{"rendered":"<div data-elementor-type=\"wp-page\" data-elementor-id=\"14\" class=\"elementor elementor-14\">\n\t\t\t\t<div class=\"elementor-element elementor-element-13b806c3 e-flex e-con-boxed e-con e-parent\" data-id=\"13b806c3\" data-element_type=\"container\" data-e-type=\"container\">\n\t\t\t\t\t<div class=\"e-con-inner\">\n\t\t\t\t<div class=\"elementor-element elementor-element-35e92720 elementor-invisible elementor-widget elementor-widget-text-editor\" data-id=\"35e92720\" data-element_type=\"widget\" data-e-type=\"widget\" data-settings=\"{&quot;_animation&quot;:&quot;fadeInUp&quot;}\" data-widget_type=\"text-editor.default\">\n\t\t\t\t<div class=\"elementor-widget-container\">\n\t\t\t\t\t\t\t\t\t<h2 class=\"wp-block-heading\">Kik vagyunk<\/h2>\n<p><!-- \/wp:heading --><!-- wp:paragraph --><\/p>\n<p>A szem\u00e9lyes adatok kezel\u0151je az a v\u00e1llalat, amely meghat\u00e1rozza a szem\u00e9lyes adatok kezel\u00e9s\u00e9nek c\u00e9lj\u00e1t \u00e9s eszk\u00f6zeit a www.betonploty.sk weboldal sz\u00e1m\u00e1ra.<br \/>Marketing c\u00e9lokb\u00f3l a szem\u00e9lyes adatainak kezel\u0151je:<br \/><strong>TR beton s.r.o.<\/strong>, Krakovsk\u00e1 67, 919 25 \u0160\u00farovce, SK, <a href=\"mailto:info@betonploty.sk\">info@betonploty.sk<\/a><\/p>\n<p><!-- \/wp:paragraph --><!-- wp:heading --><\/p>\n<p><!-- \/wp:paragraph --><\/p>\t\t\t\t\t\t\t\t<\/div>\n\t\t\t\t<\/div>\n\t\t\t\t<div class=\"elementor-element elementor-element-d920140 elementor-invisible elementor-widget elementor-widget-text-editor\" data-id=\"d920140\" data-element_type=\"widget\" data-e-type=\"widget\" data-settings=\"{&quot;_animation&quot;:&quot;fadeInUp&quot;}\" data-widget_type=\"text-editor.default\">\n\t\t\t\t<div class=\"elementor-widget-container\">\n\t\t\t\t\t\t\t\t\t<h2 class=\"wp-block-heading\">Hozz\u00e1sz\u00f3l\u00e1sok<\/h2>\n<p><!-- \/wp:heading --><!-- wp:paragraph --><\/p>\n<p>Amikor a weboldal l\u00e1togat\u00f3i hozz\u00e1sz\u00f3l\u00e1sokat hagynak az oldalon, a hozz\u00e1sz\u00f3l\u00e1s \u0171rlapj\u00e1n megjelen\u00edtett adatokat, valamint a felhaszn\u00e1l\u00f3k IP-c\u00edm\u00e9t \u00e9s b\u00f6ng\u00e9sz\u0151j\u00fck felhaszn\u00e1l\u00f3i \u00fcgyn\u00f6k\u00e9t gy\u0171jtj\u00fck a spam elleni v\u00e9delem c\u00e9lj\u00e1b\u00f3l.<\/p>\n<p><!-- \/wp:paragraph --><!-- wp:paragraph --><\/p>\n<p>Az e-mail c\u00edmedb\u0151l l\u00e9trehozott anonim karakterl\u00e1nc (m\u00e1s n\u00e9ven hash) \u00e1tadhat\u00f3 a Gravatar szolg\u00e1ltat\u00e1snak annak ellen\u0151rz\u00e9s\u00e9re, hogy val\u00f3ban azt haszn\u00e1lod. A Gravatar adatv\u00e9delmi ir\u00e1nyelvei a k\u00f6vetkez\u0151 c\u00edmen \u00e9rhet\u0151k el: <a href=\"https:\/\/automattic.com\/privacy\/\" target=\"_blank\" rel=\"noopener\">https:\/\/automattic.com\/privacy\/<\/a>. Miut\u00e1n a hozz\u00e1sz\u00f3l\u00e1sodat j\u00f3v\u00e1hagyt\u00e1k, a profilk\u00e9ped nyilv\u00e1nosan megjelenik a hozz\u00e1sz\u00f3l\u00e1sod tartalm\u00e1val egy\u00fctt.<\/p>\n<p><!-- \/wp:paragraph --><!-- wp:heading --><\/p>\n<p><!-- \/wp:paragraph --><\/p>\t\t\t\t\t\t\t\t<\/div>\n\t\t\t\t<\/div>\n\t\t\t\t<div class=\"elementor-element elementor-element-b417442 elementor-invisible elementor-widget elementor-widget-text-editor\" data-id=\"b417442\" data-element_type=\"widget\" data-e-type=\"widget\" data-settings=\"{&quot;_animation&quot;:&quot;fadeInUp&quot;}\" data-widget_type=\"text-editor.default\">\n\t\t\t\t<div class=\"elementor-widget-container\">\n\t\t\t\t\t\t\t\t\t<h2 class=\"wp-block-heading\">Multim\u00e9dia<\/h2>\n<p><!-- \/wp:heading --><!-- wp:paragraph --><\/p>\n<p>Weboldalra k\u00e9pek felt\u00f6lt\u00e9sekor ker\u00fclni kell az EXIF \u200b\u200bGPS helyadatokkal rendelkez\u0151 k\u00e9pek felt\u00f6lt\u00e9s\u00e9t. A weboldal l\u00e1togat\u00f3i let\u00f6lthetik \u00e9s megtekinthetik a k\u00e9pekb\u0151l sz\u00e1rmaz\u00f3 helyadatokat.<\/p>\n<p><!-- \/wp:paragraph --><!-- wp:heading --><\/p>\n<p><!-- \/wp:paragraph --><\/p>\t\t\t\t\t\t\t\t<\/div>\n\t\t\t\t<\/div>\n\t\t\t\t<div class=\"elementor-element elementor-element-a8a61dd elementor-invisible elementor-widget elementor-widget-text-editor\" data-id=\"a8a61dd\" data-element_type=\"widget\" data-e-type=\"widget\" data-settings=\"{&quot;_animation&quot;:&quot;fadeInUp&quot;}\" data-widget_type=\"text-editor.default\">\n\t\t\t\t<div class=\"elementor-widget-container\">\n\t\t\t\t\t\t\t\t\t<h2 class=\"wp-block-heading\">S\u00fctik<\/h2>\n<p><!-- \/wp:heading --><!-- wp:paragraph --><\/p>\n<p>Ha hozz\u00e1sz\u00f3l\u00e1st f\u0171z hozz\u00e1 oldalunkhoz, hozz\u00e1j\u00e1rulhat ahhoz, hogy nev\u00e9t, e-mail c\u00edm\u00e9t \u00e9s weboldal\u00e1t s\u00fctikben t\u00e1roljuk. Ez a te k\u00e9nyelmedet szolg\u00e1lja, hogy ne kelljen \u00fajra megadnod az adataidat, amikor egy \u00fajabb hozz\u00e1sz\u00f3l\u00e1st \u00edrsz. Ezek a s\u00fctik egy \u00e9vig \u00e9rv\u00e9nyesek.<\/p>\n<p><!-- \/wp:paragraph --><!-- wp:paragraph --><\/p>\n<p>Ha ell\u00e1togat a bejelentkez\u00e9si oldalunkra, ideiglenes s\u00fctiket t\u00e1rolunk annak meg\u00e1llap\u00edt\u00e1s\u00e1ra, hogy a b\u00f6ng\u00e9sz\u0151je elfogadja-e a s\u00fctiket. Ezek a s\u00fctik nem tartalmaznak szem\u00e9lyes adatokat, \u00e9s a b\u00f6ng\u00e9sz\u0151 bez\u00e1r\u00e1sakor t\u00f6rl\u0151dnek.<\/p>\n<p><!-- \/wp:paragraph --><!-- wp:paragraph --><\/p>\n<p>Bejelentkez\u00e9skor sz\u00e1mos s\u00fctit \u00e1ll\u00edtunk be a bejelentkez\u00e9si adatainak \u00e9s a megjelen\u00edt\u00e9si be\u00e1ll\u00edt\u00e1soknak a ment\u00e9s\u00e9hez. A bejelentkez\u00e9si s\u00fctik k\u00e9t napig, a megjelen\u00edt\u00e9si be\u00e1ll\u00edt\u00e1sok pedig egy \u00e9vig \u00e9rv\u00e9nyesek. Ha a \u201emem\u00f3ria\u201d opci\u00f3t v\u00e1lasztja, a bejelentkez\u00e9se k\u00e9t h\u00e9tig lesz \u00e9rv\u00e9nyes. Amikor kijelentkezik a fi\u00f3kj\u00e1b\u00f3l, a s\u00fctik t\u00f6rl\u0151dnek.<\/p>\n<p><!-- \/wp:paragraph --><!-- wp:paragraph --><\/p>\n<p>Amikor szerkesztesz vagy k\u00f6zz\u00e9teszel egy cikket, tov\u00e1bbi s\u00fctik ker\u00fclnek ment\u00e9sre a b\u00f6ng\u00e9sz\u0151dben. Ezek a s\u00fctik nem tartalmaznak szem\u00e9lyes adatokat, \u00e9s csak a szerkesztett cikk azonos\u00edt\u00f3j\u00e1ra hivatkoznak. A f\u00e1jlok 1 napig \u00e9rv\u00e9nyesek.<\/p>\n<p><!-- \/wp:paragraph --><!-- wp:heading --><\/p>\n<p><!-- \/wp:paragraph --><\/p>\t\t\t\t\t\t\t\t<\/div>\n\t\t\t\t<\/div>\n\t\t\t\t<div class=\"elementor-element elementor-element-7072b2f elementor-invisible elementor-widget elementor-widget-text-editor\" data-id=\"7072b2f\" data-element_type=\"widget\" data-e-type=\"widget\" data-settings=\"{&quot;_animation&quot;:&quot;fadeInUp&quot;}\" data-widget_type=\"text-editor.default\">\n\t\t\t\t<div class=\"elementor-widget-container\">\n\t\t\t\t\t\t\t\t\t<h2 class=\"wp-block-heading\">Be\u00e1gyazott tartalom m\u00e1s webhelyekr\u0151l<\/h2>\n<p><!-- \/wp:heading --><!-- wp:paragraph --><\/p>\n<p>A weboldalon tal\u00e1lhat\u00f3 cikkek be\u00e1gyazott tartalmat tartalmazhatnak (pl. vide\u00f3kat, k\u00e9peket, cikkeket stb.). A m\u00e1s webhelyekr\u0151l be\u00e1gyazott tartalom ugyan\u00fagy viselkedik, mintha a l\u00e1togat\u00f3 egy m\u00e1sik webhelyet l\u00e1togatott volna meg.<\/p>\n<p><!-- \/wp:paragraph --><!-- wp:paragraph --><\/p>\n<p>Ezek a weboldalak szem\u00e9lyes adatokat gy\u0171jthetnek \u00d6nr\u0151l, s\u00fctiket haszn\u00e1lhatnak, harmadik f\u00e9lt\u0151l sz\u00e1rmaz\u00f3 nyomk\u00f6vet\u0151ket \u00e1gyazhatnak be, \u00e9s figyelemmel k\u00eds\u00e9rhetik a be\u00e1gyazott tartalommal val\u00f3 interakci\u00f3j\u00e1t, bele\u00e9rtve a be\u00e1gyazott tartalommal val\u00f3 interakci\u00f3j\u00e1nak nyomon k\u00f6vet\u00e9s\u00e9t is, ha van fi\u00f3kja az adott weboldalon, \u00e9s be van jelentkezve.<\/p>\n<p><!-- \/wp:paragraph --><!-- wp:heading --><\/p>\n<p><!-- \/wp:paragraph --><\/p>\t\t\t\t\t\t\t\t<\/div>\n\t\t\t\t<\/div>\n\t\t\t\t<div class=\"elementor-element elementor-element-a31a31f elementor-invisible elementor-widget elementor-widget-text-editor\" data-id=\"a31a31f\" data-element_type=\"widget\" data-e-type=\"widget\" data-settings=\"{&quot;_animation&quot;:&quot;fadeInUp&quot;}\" data-widget_type=\"text-editor.default\">\n\t\t\t\t<div class=\"elementor-widget-container\">\n\t\t\t\t\t\t\t\t\t<h2 class=\"wp-block-heading\">Kivel osztjuk meg az adatait<\/h2>\n<p><!-- \/wp:heading --><!-- wp:paragraph --><\/p>\n<p>Ha jelsz\u00f3-vissza\u00e1ll\u00edt\u00e1st k\u00e9r, az IP-c\u00edme szerepelni fog a jelsz\u00f3-vissza\u00e1ll\u00edt\u00e1si e-mailben.<\/p>\n<p><!-- \/wp:paragraph --><!-- wp:heading --><\/p>\n<p><!-- \/wp:paragraph --><\/p>\t\t\t\t\t\t\t\t<\/div>\n\t\t\t\t<\/div>\n\t\t\t\t<div class=\"elementor-element elementor-element-eb0ba90 elementor-invisible elementor-widget elementor-widget-text-editor\" data-id=\"eb0ba90\" data-element_type=\"widget\" data-e-type=\"widget\" data-settings=\"{&quot;_animation&quot;:&quot;fadeInUp&quot;}\" data-widget_type=\"text-editor.default\">\n\t\t\t\t<div class=\"elementor-widget-container\">\n\t\t\t\t\t\t\t\t\t<h2 class=\"wp-block-heading\">Mennyi ideig \u0151rizz\u00fck meg az adatait?<\/h2>\n<p><!-- \/wp:heading --><!-- wp:paragraph --><\/p>\n<p>Hozz\u00e1sz\u00f3l\u00e1s hozz\u00e1ad\u00e1sakor a hozz\u00e1sz\u00f3l\u00e1s \u00e9s a metaadatai k\u00fcl\u00f6n ker\u00fclnek t\u00e1rol\u00e1sra. Ez lehet\u0151v\u00e9 teszi sz\u00e1munkra, hogy automatikusan felismerj\u00fck \u00e9s j\u00f3v\u00e1hagyjuk a kapcsol\u00f3d\u00f3 hozz\u00e1sz\u00f3l\u00e1sokat an\u00e9lk\u00fcl, hogy moder\u00e1l\u00e1sra kellene v\u00e1rnunk \u0151ket.<\/p>\n<p><!-- \/wp:paragraph --><!-- wp:paragraph --><\/p>\n<p>A weboldalunkon regisztr\u00e1l\u00f3 felhaszn\u00e1l\u00f3k (ha vannak ilyenek) eset\u00e9ben az \u00e1ltaluk megadott szem\u00e9lyes adatokat a felhaszn\u00e1l\u00f3i profiljukban is t\u00e1roljuk. Minden felhaszn\u00e1l\u00f3 b\u00e1rmikor megtekintheti, szerkesztheti vagy t\u00f6r\u00f6lheti szem\u00e9lyes adatait (kiv\u00e9ve a felhaszn\u00e1l\u00f3nev\u00e9nek m\u00f3dos\u00edt\u00e1s\u00e1t). A weboldal adminisztr\u00e1torai is megtekinthetik \u00e9s szerkeszthetik ezeket az inform\u00e1ci\u00f3kat.<\/p>\n<p><!-- \/wp:paragraph --><!-- wp:heading --><\/p>\n<p><!-- \/wp:paragraph --><\/p>\t\t\t\t\t\t\t\t<\/div>\n\t\t\t\t<\/div>\n\t\t\t\t<div class=\"elementor-element elementor-element-3f683f6 elementor-invisible elementor-widget elementor-widget-text-editor\" data-id=\"3f683f6\" data-element_type=\"widget\" data-e-type=\"widget\" data-settings=\"{&quot;_animation&quot;:&quot;fadeInUp&quot;}\" data-widget_type=\"text-editor.default\">\n\t\t\t\t<div class=\"elementor-widget-container\">\n\t\t\t\t\t\t\t\t\t<h2 class=\"wp-block-heading\">Milyen jogai vannak az adataival kapcsolatban?<\/h2>\n<p><!-- \/wp:heading --><!-- wp:paragraph --><\/p>\n<p>Ha van fi\u00f3kja ezen a weboldalon, vagy hozz\u00e1sz\u00f3l\u00e1st hagyott, k\u00e9rheti az \u00d6nr\u0151l t\u00e1rolt szem\u00e9lyes adatok export\u00e1l\u00e1s\u00e1t, bele\u00e9rtve az \u00d6n \u00e1ltal nek\u00fcnk megadott adatokat is. K\u00e9rheti szem\u00e9lyes adatainak t\u00f6rl\u00e9s\u00e9t is. Ez azonban nem vonatkozik azokra az adatokra, amelyeket adminisztrat\u00edv, jogi vagy biztons\u00e1gi okokb\u00f3l meg kell \u0151rizn\u00fcnk \u00d6nr\u0151l.<\/p>\n<p><!-- \/wp:paragraph --><!-- wp:heading --><\/p>\n<p><!-- \/wp:paragraph --><\/p>\t\t\t\t\t\t\t\t<\/div>\n\t\t\t\t<\/div>\n\t\t\t\t<div class=\"elementor-element elementor-element-e703e1b elementor-invisible elementor-widget elementor-widget-text-editor\" data-id=\"e703e1b\" data-element_type=\"widget\" data-e-type=\"widget\" data-settings=\"{&quot;_animation&quot;:&quot;fadeInUp&quot;}\" data-widget_type=\"text-editor.default\">\n\t\t\t\t<div class=\"elementor-widget-container\">\n\t\t\t\t\t\t\t\t\t<h2 class=\"wp-block-heading\">Hov\u00e1 k\u00fcldik az adatait<\/h2>\n<p><!-- \/wp:heading --><!-- wp:paragraph --><\/p>\n<p>A l\u00e1togat\u00f3i hozz\u00e1sz\u00f3l\u00e1sokat egy automatiz\u00e1lt spam-\u00e9szlel\u0151 szolg\u00e1ltat\u00e1s ellen\u0151rizheti.<\/p>\n<p><!-- \/wp:paragraph --><!-- wp:heading --><\/p>\n<p><!-- \/wp:paragraph --><\/p>\t\t\t\t\t\t\t\t<\/div>\n\t\t\t\t<\/div>\n\t\t\t\t\t<\/div>\n\t\t\t\t<\/div>\n\t\t\t\t<\/div>","protected":false},"excerpt":{"rendered":"<p>GDPR<\/p>","protected":false},"author":1,"featured_media":0,"parent":0,"menu_order":0,"comment_status":"closed","ping_status":"closed","template":"","meta":{"footnotes":""},"class_list":["post-14","page","type-page","status-publish","hentry"],"blocksy_meta":[],"_links":{"self":[{"href":"https:\/\/betonploty.sk\/hu\/wp-json\/wp\/v2\/pages\/14","targetHints":{"allow":["GET"]}}],"collection":[{"href":"https:\/\/betonploty.sk\/hu\/wp-json\/wp\/v2\/pages"}],"about":[{"href":"https:\/\/betonploty.sk\/hu\/wp-json\/wp\/v2\/types\/page"}],"author":[{"embeddable":true,"href":"https:\/\/betonploty.sk\/hu\/wp-json\/wp\/v2\/users\/1"}],"replies":[{"embeddable":true,"href":"https:\/\/betonploty.sk\/hu\/wp-json\/wp\/v2\/comments?post=14"}],"version-history":[{"count":0,"href":"https:\/\/betonploty.sk\/hu\/wp-json\/wp\/v2\/pages\/14\/revisions"}],"wp:attachment":[{"href":"https:\/\/betonploty.sk\/hu\/wp-json\/wp\/v2\/media?parent=14"}],"curies":[{"name":"wp","href":"https:\/\/api.w.org\/{rel}","templated":true}]}}