{"id":14,"date":"2025-04-03T11:22:27","date_gmt":"2025-04-03T09:22:27","guid":{"rendered":"https:\/\/artepaint.eu\/?page_id=3"},"modified":"2025-05-07T11:48:48","modified_gmt":"2025-05-07T11:48:48","slug":"ochrana-sukromia","status":"publish","type":"page","link":"https:\/\/betonploty.sk\/pl\/ochrana-sukromia\/","title":{"rendered":"Polityk\u0105 Prywatno\u015bci"},"content":{"rendered":"<div data-elementor-type=\"wp-page\" data-elementor-id=\"14\" class=\"elementor elementor-14\">\n\t\t\t\t<div class=\"elementor-element elementor-element-13b806c3 e-flex e-con-boxed e-con e-parent\" data-id=\"13b806c3\" data-element_type=\"container\" data-e-type=\"container\">\n\t\t\t\t\t<div class=\"e-con-inner\">\n\t\t\t\t<div class=\"elementor-element elementor-element-35e92720 elementor-invisible elementor-widget elementor-widget-text-editor\" data-id=\"35e92720\" data-element_type=\"widget\" data-e-type=\"widget\" data-settings=\"{&quot;_animation&quot;:&quot;fadeInUp&quot;}\" data-widget_type=\"text-editor.default\">\n\t\t\t\t<div class=\"elementor-widget-container\">\n\t\t\t\t\t\t\t\t\t<h2 class=\"wp-block-heading\">Kto jest<\/h2>\n<p><!-- \/wp:heading --><!-- wp:paragraph --><\/p>\n<p>Administratorem danych osobowych jest sp\u00f3\u0142ka, kt\u00f3ra ustala cel i spos\u00f3b przetwarzania danych osobowych dla strony internetowej: www.betonploty.sk.<br \/>W celach marketingowych administratorem Twoich danych osobowych jest:<br \/><strong>TR beton s.r.o.<\/strong>, Krakovsk\u00e1 67, 919 25 \u0160\u00farovce, SK, <a href=\"mailto:info@betonploty.sk\">info@betonploty.sk<\/a><\/p>\n<p><!-- \/wp:paragraph --><!-- wp:heading --><\/p>\n<p><!-- \/wp:paragraph --><\/p>\t\t\t\t\t\t\t\t<\/div>\n\t\t\t\t<\/div>\n\t\t\t\t<div class=\"elementor-element elementor-element-d920140 elementor-invisible elementor-widget elementor-widget-text-editor\" data-id=\"d920140\" data-element_type=\"widget\" data-e-type=\"widget\" data-settings=\"{&quot;_animation&quot;:&quot;fadeInUp&quot;}\" data-widget_type=\"text-editor.default\">\n\t\t\t\t<div class=\"elementor-widget-container\">\n\t\t\t\t\t\t\t\t\t<h2 class=\"wp-block-heading\">Uwagi<\/h2>\n<p><!-- \/wp:heading --><!-- wp:paragraph --><\/p>\n<p>Kiedy u\u017cytkownicy witryny zostawiaj\u0105 komentarze, zbieramy dane wy\u015bwietlane w formularzu komentarza, a tak\u017ce adres IP u\u017cytkownika i nazw\u0119 u\u017cytkownika przegl\u0105darki w celu ochrony przed spamem.<\/p>\n<p><!-- \/wp:paragraph --><!-- wp:paragraph --><\/p>\n<p>Anonimizowany ci\u0105g znak\u00f3w utworzony na podstawie Twojego adresu e-mail (nazywany r\u00f3wnie\u017c hashem) mo\u017ce zosta\u0107 przes\u0142any do us\u0142ugi Gravatar w celu sprawdzenia, czy z niej korzystasz. Polityk\u0119 prywatno\u015bci Gravatara mo\u017cna znale\u017a\u0107 na stronie: <a href=\"https:\/\/automattic.com\/privacy\/\" target=\"_blank\" rel=\"noopener\">https:\/\/automattic.com\/privacy\/<\/a>. Po zatwierdzeniu komentarza Twoje zdj\u0119cie profilowe zostanie wy\u015bwietlone publicznie wraz z tre\u015bci\u0105 komentarza.<\/p>\n<p><!-- \/wp:paragraph --><!-- wp:heading --><\/p>\n<p><!-- \/wp:paragraph --><\/p>\t\t\t\t\t\t\t\t<\/div>\n\t\t\t\t<\/div>\n\t\t\t\t<div class=\"elementor-element elementor-element-b417442 elementor-invisible elementor-widget elementor-widget-text-editor\" data-id=\"b417442\" data-element_type=\"widget\" data-e-type=\"widget\" data-settings=\"{&quot;_animation&quot;:&quot;fadeInUp&quot;}\" data-widget_type=\"text-editor.default\">\n\t\t\t\t<div class=\"elementor-widget-container\">\n\t\t\t\t\t\t\t\t\t<h2 class=\"wp-block-heading\">Multimedia<\/h2>\n<p><!-- \/wp:heading --><!-- wp:paragraph --><\/p>\n<p>Przesy\u0142aj\u0105c zdj\u0119cia na stron\u0119 internetow\u0105, nale\u017cy unika\u0107 przesy\u0142ania zdj\u0119\u0107 z danymi EXIF \u200b\u200bdotycz\u0105cymi lokalizacji GPS. Odwiedzaj\u0105cy witryn\u0119 mog\u0105 pobiera\u0107 i przegl\u0105da\u0107 wszelkie dane dotycz\u0105ce lokalizacji zawarte w obrazach.<\/p>\n<p><!-- \/wp:paragraph --><!-- wp:heading --><\/p>\n<p><!-- \/wp:paragraph --><\/p>\t\t\t\t\t\t\t\t<\/div>\n\t\t\t\t<\/div>\n\t\t\t\t<div class=\"elementor-element elementor-element-a8a61dd elementor-invisible elementor-widget elementor-widget-text-editor\" data-id=\"a8a61dd\" data-element_type=\"widget\" data-e-type=\"widget\" data-settings=\"{&quot;_animation&quot;:&quot;fadeInUp&quot;}\" data-widget_type=\"text-editor.default\">\n\t\t\t\t<div class=\"elementor-widget-container\">\n\t\t\t\t\t\t\t\t\t<h2 class=\"wp-block-heading\">Ciastka<\/h2>\n<p><!-- \/wp:heading --><!-- wp:paragraph --><\/p>\n<p>Dodaj\u0105c komentarz na naszej stronie, mo\u017cesz wyrazi\u0107 zgod\u0119 na zapisanie Twojego imienia, adresu e-mail i witryny w plikach cookie. Robimy to dla Twojej wygody, aby nie musie\u0107 ponownie wpisywa\u0107 swoich danych przy dodawaniu kolejnego komentarza. Te pliki cookie s\u0105 wa\u017cne przez rok.<\/p>\n<p><!-- \/wp:paragraph --><!-- wp:paragraph --><\/p>\n<p>Je\u015bli odwiedzisz nasz\u0105 stron\u0119 logowania, zapiszemy tymczasowe pliki cookie w celu sprawdzenia, czy Twoja przegl\u0105darka akceptuje pliki cookie. Te pliki cookie nie zawieraj\u0105 \u017cadnych danych osobowych i zostan\u0105 usuni\u0119te po zamkni\u0119ciu przegl\u0105darki.<\/p>\n<p><!-- \/wp:paragraph --><!-- wp:paragraph --><\/p>\n<p>Gdy si\u0119 zalogujesz, ustawimy kilka plik\u00f3w cookie, aby zapisa\u0107 Twoje dane logowania i ustawienia wy\u015bwietlania. Pliki cookie s\u0142u\u017c\u0105ce do logowania s\u0105 wa\u017cne przez dwa dni, a ustawienia wy\u015bwietlania \u2014 przez rok. Je\u015bli wybierzesz opcj\u0119 \u201ezapami\u0119taj\u201d, Tw\u00f3j login b\u0119dzie wa\u017cny przez dwa tygodnie. Po wylogowaniu si\u0119 ze swojego konta pliki cookie s\u0105 usuwane.<\/p>\n<p><!-- \/wp:paragraph --><!-- wp:paragraph --><\/p>\n<p>Je\u015bli edytujesz lub publikujesz artyku\u0142, w Twojej przegl\u0105darce zostan\u0105 zapisane dodatkowe pliki cookie. Te pliki cookie nie zawieraj\u0105 \u017cadnych danych osobowych i odnosz\u0105 si\u0119 wy\u0142\u0105cznie do identyfikatora artyku\u0142u, kt\u00f3ry edytowa\u0142e\u015b. Pliki s\u0105 wa\u017cne przez 1 dzie\u0144.<\/p>\n<p><!-- \/wp:paragraph --><!-- wp:heading --><\/p>\n<p><!-- \/wp:paragraph --><\/p>\t\t\t\t\t\t\t\t<\/div>\n\t\t\t\t<\/div>\n\t\t\t\t<div class=\"elementor-element elementor-element-7072b2f elementor-invisible elementor-widget elementor-widget-text-editor\" data-id=\"7072b2f\" data-element_type=\"widget\" data-e-type=\"widget\" data-settings=\"{&quot;_animation&quot;:&quot;fadeInUp&quot;}\" data-widget_type=\"text-editor.default\">\n\t\t\t\t<div class=\"elementor-widget-container\">\n\t\t\t\t\t\t\t\t\t<h2 class=\"wp-block-heading\">Osadzone tre\u015bci z innych witryn internetowych<\/h2>\n<p><!-- \/wp:heading --><!-- wp:paragraph --><\/p>\n<p>Artyku\u0142y na tej stronie internetowej mog\u0105 zawiera\u0107 osadzone tre\u015bci (np. filmy, obrazy, artyku\u0142y itp.). Osadzone tre\u015bci z innych witryn zachowuj\u0105 si\u0119 tak samo, jakby odwiedzaj\u0105cy odwiedzi\u0142 inn\u0105 witryn\u0119.<\/p>\n<p><!-- \/wp:paragraph --><!-- wp:paragraph --><\/p>\n<p>Te witryny mog\u0105 zbiera\u0107 Twoje dane osobowe, u\u017cywa\u0107 plik\u00f3w cookie, osadza\u0107 narz\u0119dzia \u015bledzenia stron trzecich i monitorowa\u0107 Twoj\u0105 interakcj\u0119 z osadzon\u0105 tre\u015bci\u0105, w tym \u015bledzi\u0107 Twoj\u0105 interakcj\u0119 z osadzon\u0105 tre\u015bci\u0105, je\u015bli masz konto na tej stronie internetowej i jeste\u015b zalogowany.<\/p>\n<p><!-- \/wp:paragraph --><!-- wp:heading --><\/p>\n<p><!-- \/wp:paragraph --><\/p>\t\t\t\t\t\t\t\t<\/div>\n\t\t\t\t<\/div>\n\t\t\t\t<div class=\"elementor-element elementor-element-a31a31f elementor-invisible elementor-widget elementor-widget-text-editor\" data-id=\"a31a31f\" data-element_type=\"widget\" data-e-type=\"widget\" data-settings=\"{&quot;_animation&quot;:&quot;fadeInUp&quot;}\" data-widget_type=\"text-editor.default\">\n\t\t\t\t<div class=\"elementor-widget-container\">\n\t\t\t\t\t\t\t\t\t<h2 class=\"wp-block-heading\">Z kim dzielimy si\u0119 Twoimi danymi<\/h2>\n<p><!-- \/wp:heading --><!-- wp:paragraph --><\/p>\n<p>Je\u015bli poprosisz o zresetowanie has\u0142a, Tw\u00f3j adres IP zostanie wy\u015bwietlony w wiadomo\u015bci e-mail z informacj\u0105 o zresetowaniu has\u0142a.<\/p>\n<p><!-- \/wp:paragraph --><!-- wp:heading --><\/p>\n<p><!-- \/wp:paragraph --><\/p>\t\t\t\t\t\t\t\t<\/div>\n\t\t\t\t<\/div>\n\t\t\t\t<div class=\"elementor-element elementor-element-eb0ba90 elementor-invisible elementor-widget elementor-widget-text-editor\" data-id=\"eb0ba90\" data-element_type=\"widget\" data-e-type=\"widget\" data-settings=\"{&quot;_animation&quot;:&quot;fadeInUp&quot;}\" data-widget_type=\"text-editor.default\">\n\t\t\t\t<div class=\"elementor-widget-container\">\n\t\t\t\t\t\t\t\t\t<h2 class=\"wp-block-heading\">Jak d\u0142ugo przechowujemy Twoje dane?<\/h2>\n<p><!-- \/wp:heading --><!-- wp:paragraph --><\/p>\n<p>Podczas dodawania komentarza, komentarz i jego metadane s\u0105 przechowywane oddzielnie. Dzi\u0119ki temu mo\u017cemy automatycznie rozpoznawa\u0107 i zatwierdza\u0107 wszelkie powi\u0105zane komentarze, bez konieczno\u015bci ich moderowania.<\/p>\n<p><!-- \/wp:paragraph --><!-- wp:paragraph --><\/p>\n<p>W przypadku u\u017cytkownik\u00f3w, kt\u00f3rzy zarejestruj\u0105 si\u0119 na naszej stronie internetowej (o ile takowi istniej\u0105), przechowujemy r\u00f3wnie\u017c dane osobowe, kt\u00f3re podaj\u0105 w swoich profilach u\u017cytkownika. Ka\u017cdy u\u017cytkownik mo\u017ce w ka\u017cdej chwili przegl\u0105da\u0107, edytowa\u0107 lub usuwa\u0107 swoje dane osobowe (poza zmian\u0105 nazwy u\u017cytkownika). Administratorzy witryny mog\u0105 r\u00f3wnie\u017c przegl\u0105da\u0107 i edytowa\u0107 te informacje.<\/p>\n<p><!-- \/wp:paragraph --><!-- wp:heading --><\/p>\n<p><!-- \/wp:paragraph --><\/p>\t\t\t\t\t\t\t\t<\/div>\n\t\t\t\t<\/div>\n\t\t\t\t<div class=\"elementor-element elementor-element-3f683f6 elementor-invisible elementor-widget elementor-widget-text-editor\" data-id=\"3f683f6\" data-element_type=\"widget\" data-e-type=\"widget\" data-settings=\"{&quot;_animation&quot;:&quot;fadeInUp&quot;}\" data-widget_type=\"text-editor.default\">\n\t\t\t\t<div class=\"elementor-widget-container\">\n\t\t\t\t\t\t\t\t\t<h2 class=\"wp-block-heading\">Jakie prawa masz w odniesieniu do swoich danych?<\/h2>\n<p><!-- \/wp:heading --><!-- wp:paragraph --><\/p>\n<p>Je\u015bli posiadasz konto na tej stronie internetowej lub zostawi\u0142e\u015b komentarz, mo\u017cesz poprosi\u0107 o eksport danych osobowych, kt\u00f3re o Tobie przechowujemy, w tym danych, kt\u00f3re nam dostarczy\u0142e\u015b. Mo\u017cesz r\u00f3wnie\u017c za\u017c\u0105da\u0107 usuni\u0119cia swoich danych osobowych. Nie dotyczy to jednak danych, kt\u00f3re musimy o Tobie przechowywa\u0107 ze wzgl\u0119d\u00f3w administracyjnych, prawnych lub bezpiecze\u0144stwa.<\/p>\n<p><!-- \/wp:paragraph --><!-- wp:heading --><\/p>\n<p><!-- \/wp:paragraph --><\/p>\t\t\t\t\t\t\t\t<\/div>\n\t\t\t\t<\/div>\n\t\t\t\t<div class=\"elementor-element elementor-element-e703e1b elementor-invisible elementor-widget elementor-widget-text-editor\" data-id=\"e703e1b\" data-element_type=\"widget\" data-e-type=\"widget\" data-settings=\"{&quot;_animation&quot;:&quot;fadeInUp&quot;}\" data-widget_type=\"text-editor.default\">\n\t\t\t\t<div class=\"elementor-widget-container\">\n\t\t\t\t\t\t\t\t\t<h2 class=\"wp-block-heading\">Gdzie s\u0105 wysy\u0142ane Twoje dane<\/h2>\n<p><!-- \/wp:heading --><!-- wp:paragraph --><\/p>\n<p>Komentarze go\u015bci mog\u0105 by\u0107 sprawdzane za pomoc\u0105 automatycznej us\u0142ugi wykrywania spamu.<\/p>\n<p><!-- \/wp:paragraph --><!-- wp:heading --><\/p>\n<p><!-- \/wp:paragraph --><\/p>\t\t\t\t\t\t\t\t<\/div>\n\t\t\t\t<\/div>\n\t\t\t\t\t<\/div>\n\t\t\t\t<\/div>\n\t\t\t\t<\/div>","protected":false},"excerpt":{"rendered":"<p>GDPR<\/p>","protected":false},"author":1,"featured_media":0,"parent":0,"menu_order":0,"comment_status":"closed","ping_status":"closed","template":"","meta":{"footnotes":""},"class_list":["post-14","page","type-page","status-publish","hentry"],"blocksy_meta":[],"_links":{"self":[{"href":"https:\/\/betonploty.sk\/pl\/wp-json\/wp\/v2\/pages\/14","targetHints":{"allow":["GET"]}}],"collection":[{"href":"https:\/\/betonploty.sk\/pl\/wp-json\/wp\/v2\/pages"}],"about":[{"href":"https:\/\/betonploty.sk\/pl\/wp-json\/wp\/v2\/types\/page"}],"author":[{"embeddable":true,"href":"https:\/\/betonploty.sk\/pl\/wp-json\/wp\/v2\/users\/1"}],"replies":[{"embeddable":true,"href":"https:\/\/betonploty.sk\/pl\/wp-json\/wp\/v2\/comments?post=14"}],"version-history":[{"count":0,"href":"https:\/\/betonploty.sk\/pl\/wp-json\/wp\/v2\/pages\/14\/revisions"}],"wp:attachment":[{"href":"https:\/\/betonploty.sk\/pl\/wp-json\/wp\/v2\/media?parent=14"}],"curies":[{"name":"wp","href":"https:\/\/api.w.org\/{rel}","templated":true}]}}