{"id":6285,"date":"2025-04-29T11:12:29","date_gmt":"2025-04-29T09:12:29","guid":{"rendered":"https:\/\/artepaint.eu\/?page_id=6285"},"modified":"2025-05-09T18:03:47","modified_gmt":"2025-05-09T18:03:47","slug":"profil-firmy-tr-beton","status":"publish","type":"page","link":"https:\/\/betonploty.sk\/pl\/profil-firmy-tr-beton\/","title":{"rendered":"Profil firmy <span class=\"cat cat-T\">TR beton<\/span>"},"content":{"rendered":"\t\t<div data-elementor-type=\"wp-page\" data-elementor-id=\"6285\" class=\"elementor elementor-6285\">\n\t\t\t\t<div class=\"elementor-element elementor-element-c3f3841 e-grid e-con-boxed e-con e-child\" data-id=\"c3f3841\" data-element_type=\"container\" data-e-type=\"container\">\n\t\t\t\t\t<div class=\"e-con-inner\">\n\t\t<div class=\"elementor-element elementor-element-95f544f e-con-full e-flex e-con e-child\" data-id=\"95f544f\" data-element_type=\"container\" data-e-type=\"container\">\n\t\t\t\t<div class=\"elementor-element elementor-element-65232d3 elementor-widget__width-inherit elementor-invisible elementor-widget elementor-widget-text-editor\" data-id=\"65232d3\" data-element_type=\"widget\" data-e-type=\"widget\" data-settings=\"{&quot;_animation&quot;:&quot;fadeInLeft&quot;}\" data-widget_type=\"text-editor.default\">\n\t\t\t\t<div class=\"elementor-widget-container\">\n\t\t\t\t\t\t\t\t\t<p class=\"\" data-start=\"228\" data-end=\"477\"><strong data-start=\"228\" data-end=\"248\">TR beton, s.r.o.<\/strong> je stabiln\u00e1 slovensk\u00e1 firma so s\u00eddlom v obci \u0160\u00farovce a s prev\u00e1dzkou v are\u00e1li Horses Zemiansky dvor (b\u00fdval\u00e9 PD), Krakovsk\u00e1 67.<br \/>U\u017e od roku <strong data-start=\"386\" data-end=\"394\">2006<\/strong> sa \u0161pecializujeme na <strong data-start=\"416\" data-end=\"476\">v\u00fdrobu, predaj a mont\u00e1\u017e bet\u00f3nov\u00e9ho bari\u00e9rov\u00e9ho oplotenia<\/strong>.<\/p><p>Na\u0161im cie\u013eom je poskytova\u0165 <strong data-start=\"506\" data-end=\"539\">spo\u013eahliv\u00e9 a trv\u00e1cne rie\u0161enia<\/strong> pre oplotenie domov, firiem aj verejn\u00fdch priestranstiev v\u010faka kvalitn\u00fdm produktom a profesion\u00e1lnemu pr\u00edstupu.<\/p>\t\t\t\t\t\t\t\t<\/div>\n\t\t\t\t<\/div>\n\t\t\t\t<div class=\"elementor-element elementor-element-a17feb6 elementor-widget__width-inherit elementor-invisible elementor-widget elementor-widget-text-editor\" data-id=\"a17feb6\" data-element_type=\"widget\" data-e-type=\"widget\" data-settings=\"{&quot;_animation&quot;:&quot;fadeInLeft&quot;,&quot;_animation_delay&quot;:150}\" data-widget_type=\"text-editor.default\">\n\t\t\t\t<div class=\"elementor-widget-container\">\n\t\t\t\t\t\t\t\t\t<h4>Kvalita overen\u00e1 normou<\/h4><p>V\u00fdrobn\u00fd proces prebieha v s\u00falade s normou <strong>STN EN 12839 \u2013 bet\u00f3nov\u00e9 prefabrik\u00e1ty \u2013 prvky na ploty<\/strong>.<br data-start=\"790\" data-end=\"793\" \/>Pou\u017e\u00edvame v\u00fdhradne <strong>certifikovan\u00e9 vstupn\u00e9 materi\u00e1ly<\/strong>, ktor\u00e9 zaru\u010duj\u00fa dlh\u00fa \u017eivotnos\u0165, odolnos\u0165 vo\u010di poveternostn\u00fdm vplyvom a minim\u00e1lnu \u00fadr\u017ebu.<\/p>\t\t\t\t\t\t\t\t<\/div>\n\t\t\t\t<\/div>\n\t\t\t\t<div class=\"elementor-element elementor-element-96641a8 elementor-widget__width-inherit elementor-invisible elementor-widget elementor-widget-text-editor\" data-id=\"96641a8\" data-element_type=\"widget\" data-e-type=\"widget\" data-settings=\"{&quot;_animation&quot;:&quot;fadeInLeft&quot;,&quot;_animation_delay&quot;:300}\" data-widget_type=\"text-editor.default\">\n\t\t\t\t<div class=\"elementor-widget-container\">\n\t\t\t\t\t\t\t\t\t<h4>Spolo\u010dnos\u0165 TR beton pon\u00faka<\/h4><ul><li>V\u00fdrobu bet\u00f3nov\u00fdch plotov\u00fdch panelov a st\u013apov<\/li><li>Predaj kompletn\u00e9ho sortimentu bet\u00f3nov\u00e9ho oplotenia<\/li><li>Mont\u00e1\u017e plotov priamo u z\u00e1kazn\u00edka<\/li><li>Odborn\u00e9 poradenstvo pri v\u00fdbere vhodn\u00e9ho rie\u0161enia<\/li><\/ul>\t\t\t\t\t\t\t\t<\/div>\n\t\t\t\t<\/div>\n\t\t\t\t<div class=\"elementor-element elementor-element-b5cdaf0 elementor-widget__width-inherit elementor-invisible elementor-widget elementor-widget-text-editor\" data-id=\"b5cdaf0\" data-element_type=\"widget\" data-e-type=\"widget\" data-settings=\"{&quot;_animation&quot;:&quot;fadeInLeft&quot;,&quot;_animation_delay&quot;:300}\" data-widget_type=\"text-editor.default\">\n\t\t\t\t<div class=\"elementor-widget-container\">\n\t\t\t\t\t\t\t\t\t<h4>Na\u0161e hodnoty<\/h4><ul><li><strong>Odbornos\u0165 a spo\u013eahlivos\u0165<\/strong> &#8211; na\u0161a pr\u00e1ca stoj\u00ed na dlhoro\u010dn\u00fdch sk\u00fasenostiach t\u00edmu odborn\u00edkov, ktor\u00ed odborne zabezpe\u010duj\u00fa ka\u017ed\u00fd krok od v\u00fdroby a\u017e po realiz\u00e1ciu.<\/li><li><strong>Inovat\u00edvne rie\u0161enia<\/strong> &#8211; TR beton je zn\u00e1my svoj\u00edm nov\u00e1torstvom \u2013 pon\u00fakame vlastn\u00e9 certifikovan\u00e9 a ochrannou zn\u00e1mkou chr\u00e1nen\u00e9 produkty, ktor\u00e9 s\u00fa v\u00fdsledkom neust\u00e1leho v\u00fdvoja a zlep\u0161ovania.<\/li><li><strong>Z\u00e1kazn\u00edk na prvom mieste<\/strong> &#8211; Va\u0161a spokojnos\u0165 je na\u0161ou prioritou. Ku ka\u017ed\u00e9mu projektu pristupujeme individu\u00e1lne, s d\u00f4razom na kvalitu, trv\u00e1cnos\u0165 a estetiku v\u00fdsledn\u00e9ho rie\u0161enia.<\/li><\/ul>\t\t\t\t\t\t\t\t<\/div>\n\t\t\t\t<\/div>\n\t\t\t\t<\/div>\n\t\t<div class=\"elementor-element elementor-element-8a48f9b e-con-full e-flex e-con e-child\" data-id=\"8a48f9b\" data-element_type=\"container\" data-e-type=\"container\">\n\t\t<div class=\"elementor-element elementor-element-9a9eb4d e-con-full e-flex elementor-invisible e-con e-child\" data-id=\"9a9eb4d\" data-element_type=\"container\" data-e-type=\"container\" data-settings=\"{&quot;animation&quot;:&quot;fadeInRight&quot;}\">\n\t\t\t\t<div class=\"elementor-element elementor-element-740b40c elementor-widget elementor-widget-html\" data-id=\"740b40c\" data-element_type=\"widget\" data-e-type=\"widget\" data-widget_type=\"html.default\">\n\t\t\t\t<div class=\"elementor-widget-container\">\n\t\t\t\t\t<svg id=\"a\" data-name=\"Vrstva 1\" xmlns=\"http:\/\/www.w3.org\/2000\/svg\" viewBox=\"0 0 356.41 217.04\">\r\n  <path d=\"M349.87,89.95l4.44,1.96c.58.26,1.11.75,1.49,1.3.38.54.61,1.2.61,1.8v117.08c0,.58-.23,1.21-.6,1.74s-.9.98-1.47,1.21c-.6.24-1.21.49-1.82.73-.62.25-1.24.5-1.87.75,0-10.23-.01-25.76-.02-36.04,0-10.3-.01-20.63-.02-30.99,0-9.8-.01-19.64-.02-29.49,0-.71,0-1.41-.02-2.12v-26.29c0-.65-.27-1.23-.7-1.64Z\" fill=\"#D61016\"  fill-rule=\"evenodd\"\/>\r\n  <g isolation=\"isolate\">\r\n    <g isolation=\"isolate\">\r\n      <path fill=\"var(--theme-palette-color-3)\" d=\"M46.33,136.97v54.91h-23.63v-54.91H0v-19.3h68.75v19.3h-22.42Z\"\/>\r\n      <path fill=\"var(--theme-palette-color-3)\" d=\"M95.95,166.32v25.55h-23.63v-74.21h37.92c8.64,0,15.41,1.07,20.29,3.21,8.57,3.73,12.85,10.08,12.85,19.03s-4.4,14.75-13.2,18.27c4.3,1.38,7.53,4.13,9.68,8.26,1.57,3.3,2.44,8.43,2.59,15.38.15,3.88.46,6.43.92,7.67.27.73.65,1.52,1.15,2.39h-24.55c-.58-2.1-.94-5.26-1.1-9.46-.27-6.09-1.29-10.22-3.05-12.4-1.31-1.63-2.96-2.7-4.96-3.21-1.19-.33-2.9-.49-5.13-.49h-9.8.02ZM95.95,135.88v14.41h13.48c2.84,0,4.8-.22,5.88-.65,2.69-1.12,4.03-3.39,4.03-6.8s-1.46-5.53-4.38-6.47c-1.04-.33-2.86-.49-5.47-.49h-13.54Z\"\/>\r\n    <\/g>\r\n  <\/g>\r\n  <g>\r\n    <path fill=\"#D61016\" d=\"M268.01,130.97c-2.06.14-3.37.49-3.37,3.9v51.2c0,3.41,1.31,3.74,3.37,3.84,2.07.1,3.42-.09,3.42-3.55v-51.9c0-3.46-1.35-3.63-3.42-3.49h0Z\"\/>\r\n    <path fill=\"#D61016\" d=\"M209.97,134.9c-1.61.11-2.64.41-2.64,3.43v16.37l5.3-.12v-16.57c0-3.06-1.05-3.22-2.67-3.11h0Z\"\/>\r\n    <path fill=\"#D61016\" d=\"M180.09,138.23c-1.2.08-2.29.69-2.29,3.94v38.12c0,3.25,1.09,3.84,2.29,3.9,1.21.06,2.32-.44,2.32-3.72v-38.55c0-3.29-1.11-3.76-2.32-3.68h0Z\"\/>\r\n    <path fill=\"#D61016\" d=\"M346.74,90.44l-43.16,1.69-140.86,8.48c-1.08.07-1.96,1.06-1.96,2.25v97.62c0,1.19.89,2.11,1.94,2.18l185.47,14.37c.24.02.46-.16.69-.24.17-.32.26-.68.26-1.06v-122.99c0-1.3-1.1-2.35-2.39-2.3,0,0,.01,0,.01,0ZM192.37,186.45c0,5.27-3.58,7.27-7.41,7-2.95-.2-5.47-2.55-6.96-4.92h-.2v3.67l-9.3-.62v-75.85l9.3-.63v19.06l.2-.02c1.39-2.49,3.8-4.99,6.96-5.26,3.83-.33,7.41,1.6,7.41,6.88v50.69h0ZM224.13,162.39l-16.8.09v21.13c0,3.02,1.03,3.3,2.64,3.38,1.62.08,2.67-.1,2.67-3.15v-15.75l11.49.08v16.39c0,7.11-5.58,11.19-14.16,10.6-8.26-.57-13.3-5.11-13.3-11.79v-44.63c0-6.68,5.04-11.31,13.3-12.02,8.58-.74,14.16,3.24,14.16,10.35v25.32h0ZM247.49,134.01l-4.17.27v46.98c0,5.4,1.47,5.85,2.82,5.91l1.35.06v9.63l-7.35-.49c-7.64-.51-9.29-7.23-9.29-9.92v-51.38l-3.51.22v-9.22l3.51-.3v-12.6l12.47-1.39v12.94l4.17-.35v9.63h0ZM286.22,187.27c0,8.08-7.19,12.66-18.2,11.9-10.55-.73-16.97-5.89-16.97-13.42v-50.3c0-7.53,6.42-12.81,16.97-13.72,11.01-.95,18.2,3.5,18.2,11.58v53.97h0ZM334.4,202.69l-17.62-1.18v-67.02c0-2.32-.18-5.06-3.71-4.84-4.18.27-4.35,2.99-4.35,5.28v66.03l-16.08-1.08v-79.32l16.08-1.35v4.71l.35-.03c2.43-4.06,7-6.32,11.65-6.72,13.49-1.16,13.68,5.26,13.68,14.24v71.27h0Z\"\/>\r\n  <\/g>\r\n  <path fill=\"var(--theme-palette-color-3)\" d=\"M336.39,116.71c2.72,2.89.72,7.27,1.08,9.72.72,3.14,4.27,3.32,5.21,3.11,1.96-.45,3.66-2.61,3.07-5.2-.57-2.51-1.25-5.34-2.55-7.7h.09c-7.5-16.23-46.44-4.54-47.67-12.13-.99-6.12,3.6-7.25,9.28-6.87,5.51,1.89,13.21,3.15,25.71-5.81,1.55-2.01,9.48-3.88,7.89-16.11-.67-5.15-2.26-6.12-2.76-9.95-.7-5.39,3.82-14.82,2.88-22.09-.63-4.85-2.94-7.02-5.33-9.92-1.16-1.4-1.34-3.62-1.45-4.48-.22-1.72-6.45-4.41-8.22-5.77-6.49-5-6.39-9.45-10.62-12.7-.9-.69-1.75-1.28-2.86-1.56.41.66.67,1.07,1.05,1.67.38.6,1.37,2.24,1.37,2.24,0,0-.47-.32-1.23-1.36-1.23-1.67-2.16-3.78-4.12-5.29-1.72-1.33-2.48-1.64-3.36-1.52-1.29.17-1.8,5-2.73,6.51.14-1.4.57-2.79,1.03-4.19-2.51-.52-3.32-.82-6.09-2.96-2.63-2.02-2.81-4.47-3.75-4.35-.25.03-.77.84-.46,3.2.19,1.44.52,2.86,2,4.99-.03.76-.37,2.77-1.88,4.74-1.72,2.23-4.36,4.11-4.32,4.47.04.32.5.35.66.64-.79.82-.83,1.44-.73,2.17.15,1.13.62,1.19.66,1.54.05.39-.68.78-.12,1.98.25-.36.67-.75.99-1.06l.07.1c-.89.93-2.38,3.04-2.24,4.16.03.21,0,.43.37.86-.04.61-.19.92-.11,1.56.2,1.56,1.41,1.44,1.9,1.82.67.52.51.82,1.17,1.33,1.32,1.02,2.95,1.72,5.05,1.45,2.78-.36,3.3-1.64,4.95-1.85.81-.1,2.1.3,2.26,1.52.03.2.07.12,0,.63-1.52,2.08-2.16,2.45-1.79,5.28.51,3.95,1.36,6.07,1.84,9.83.35,2.67.01,4.41-.89,6.69-15.3,10.69-15.74,22.71-7.34,37.13-4.87,2.85-7.08,6.74-6.15,12.51,1.47,13.51,39.37,2.86,48.2,11.03h-.01ZM295.42,20.91h0c.15.36.23.76.23,1.18,0,.64-.21,1.2-.53,1.61-.32-.46-.52-1.06-.51-1.7,0-.45.1-.87.28-1.22.19.02.37.07.54.12h-.01ZM297.5,21.84h0c.16.6.12,2.01-1.9,2.28-1.65.21-2.18-1.88-2.79-2.84.1-.6.71-1.09,1.51-1.19,1.68-.22,3.1,1.46,4.29,2.4-.35-.12-.8-.43-1.11-.65h0ZM289.51,20.48h0s.01.1.02.15c.14,1.04-.25,1.87-.25,1.87-.91-.81-1.42-1.42-1.54-2.33-.12-.93.45-1.7.69-1.98.21.23.37.45.51.67-.25.37-.38.87-.34,1.41.04.55.25,1.05.56,1.43.22-.33.35-.75.35-1.22Z\"\/>\r\n\r\n<\/svg>\t\t\t\t<\/div>\n\t\t\t\t<\/div>\n\t\t\t\t<div class=\"elementor-element elementor-element-dd13fa6 elementor-invisible elementor-widget elementor-widget-text-editor\" data-id=\"dd13fa6\" data-element_type=\"widget\" data-e-type=\"widget\" data-settings=\"{&quot;_animation&quot;:&quot;fadeInDown&quot;}\" data-widget_type=\"text-editor.default\">\n\t\t\t\t<div class=\"elementor-widget-container\">\n\t\t\t\t\t\t\t\t\t<p><strong>TR beton s.r.o.<\/strong><\/p>\t\t\t\t\t\t\t\t<\/div>\n\t\t\t\t<\/div>\n\t\t\t\t<div class=\"elementor-element elementor-element-d0a7a8f elementor-invisible elementor-widget elementor-widget-text-editor\" data-id=\"d0a7a8f\" data-element_type=\"widget\" data-e-type=\"widget\" data-settings=\"{&quot;_animation&quot;:&quot;fadeInDown&quot;,&quot;_animation_delay&quot;:150}\" data-widget_type=\"text-editor.default\">\n\t\t\t\t<div class=\"elementor-widget-container\">\n\t\t\t\t\t\t\t\t\t<div class=\"text\"><strong>faktura\u010dn\u00e1 adresa<\/strong>:<br \/>Valta\u0161\u00farska 514\/4,919 25 \u0160\u00farovce<\/div>\t\t\t\t\t\t\t\t<\/div>\n\t\t\t\t<\/div>\n\t\t\t\t<div class=\"elementor-element elementor-element-107e003 elementor-invisible elementor-widget elementor-widget-text-editor\" data-id=\"107e003\" data-element_type=\"widget\" data-e-type=\"widget\" data-settings=\"{&quot;_animation&quot;:&quot;fadeInDown&quot;,&quot;_animation_delay&quot;:300}\" data-widget_type=\"text-editor.default\">\n\t\t\t\t<div class=\"elementor-widget-container\">\n\t\t\t\t\t\t\t\t\t<div class=\"text\"><strong>adresa prev\u00e1dzky<\/strong>:<br \/>Krakovsk\u00e1 67, 919 25 \u0160\u00farovce, SK<\/div>\t\t\t\t\t\t\t\t<\/div>\n\t\t\t\t<\/div>\n\t\t\t\t<div class=\"elementor-element elementor-element-c2d9b20 elementor-invisible elementor-widget elementor-widget-text-editor\" data-id=\"c2d9b20\" data-element_type=\"widget\" data-e-type=\"widget\" data-settings=\"{&quot;_animation&quot;:&quot;fadeInDown&quot;,&quot;_animation_delay&quot;:450}\" data-widget_type=\"text-editor.default\">\n\t\t\t\t<div class=\"elementor-widget-container\">\n\t\t\t\t\t\t\t\t\t<div class=\"text\"><strong>firma je zap\u00edsan\u00e1<\/strong>:<br \/>OR os v Trnave, Vlo\u017eka \u010d.: 50451\/T<\/div>\t\t\t\t\t\t\t\t<\/div>\n\t\t\t\t<\/div>\n\t\t\t\t<\/div>\n\t\t<div class=\"elementor-element elementor-element-3a42b5c e-con-full e-flex e-con e-child\" data-id=\"3a42b5c\" data-element_type=\"container\" data-e-type=\"container\">\n\t\t<div class=\"elementor-element elementor-element-34b562c e-con-full e-flex elementor-invisible e-con e-child\" data-id=\"34b562c\" data-element_type=\"container\" data-e-type=\"container\" data-settings=\"{&quot;background_background&quot;:&quot;classic&quot;,&quot;animation&quot;:&quot;fadeIn&quot;}\">\n\t\t\t\t<div class=\"elementor-element elementor-element-35ec267 elementor-widget__width-inherit elementor-invisible elementor-widget elementor-widget-html\" data-id=\"35ec267\" data-element_type=\"widget\" data-e-type=\"widget\" data-settings=\"{&quot;_animation&quot;:&quot;bounceIn&quot;,&quot;_animation_delay&quot;:300}\" data-widget_type=\"html.default\">\n\t\t\t\t<div class=\"elementor-widget-container\">\n\t\t\t\t\t<div style=\"text-align:center\"><a href=\"\/certifikaty\"><svg class=\"CE\" xmlns=\"http:\/\/www.w3.org\/2000\/svg\" viewBox=\"0 0 733.33 666.67\" style=\"max-height:90px;height:50px;width:auto;\">\r\n  <path d=\"M333.33,633.33c-165.68,0-300-134.31-300-300S167.65,33.33,333.33,33.33\" stroke=\"var(--theme-palette-color-8)\" stroke-linecap=\"round\" stroke-linejoin=\"round\" stroke-width=\"66.67px\" fill=\"none\"\/>\r\n  <path d=\"M700,633.33c-165.69,0-300-134.31-300-300S534.31,33.33,700,33.33\" stroke=\"var(--theme-palette-color-8)\" stroke-linecap=\"round\" stroke-linejoin=\"round\" stroke-width=\"66.67px\" fill=\"none\"\/>\r\n  <path d=\"M400,333.33h183.33\" stroke=\"var(--theme-palette-color-8)\" stroke-linecap=\"round\" stroke-linejoin=\"round\" stroke-width=\"66.67px\" fill=\"none\"\/>\r\n<\/svg><svg class=\"TSUS\" xmlns=\"http:\/\/www.w3.org\/2000\/svg\" viewBox=\"0 0 468.15 103.59\" style=\"max-height:80px;height:35px;width:auto;margin:0 0 6px 10%\">\r\n<polygon points=\"103.59 32.45 68.02 32.45 68.02 103.59 35.57 103.59 35.57 32.45 0 32.45 0 0 103.59 0 103.59 32.45\" fill=\"var(--theme-palette-color-8)\"><\/polygon>\r\n<path d=\"M121.75,103.59v-32.45h71.14v-30.79h32.45v63.23h-103.59ZM154.2,32.45h71.14V0h-103.59v63.24h32.45v-30.79Z\" fill-rule=\"evenodd\" fill=\"var(--theme-palette-color-8)\"><\/path>\r\n<polygon points=\"243.23 103.59 243.23 0 275.68 0 275.68 71.14 314.37 71.14 314.37 40.35 346.82 40.35 346.82 103.59 243.23 103.59\" fill-rule=\"evenodd\" fill=\"var(--theme-palette-color-8)\"><\/polygon>\r\n<rect x=\"314.37\" width=\"32.45\" height=\"32.45\" fill=\"var(--theme-palette-color-8)\"><\/rect><path d=\"M364.56,103.59v-32.45h71.14v-30.79h32.45v63.23h-103.59ZM397.01,32.45h71.14V0h-103.59v63.24h32.45v-30.79Z\" fill-rule=\"evenodd\" fill=\"var(--theme-palette-color-8)\"><\/path>\r\n<\/svg><h6 style=\"color:var(--theme-palette-color-8);font-weight:500;padding-top:15px\">Certifik\u00e1ty a protokoly o sk\u00fa\u0161kach<br>\r\n<span class=\"cat\">TR beton<\/span><\/h6><\/a><\/div>\t\t\t\t<\/div>\n\t\t\t\t<\/div>\n\t\t\t\t<\/div>\n\t\t<div class=\"elementor-element elementor-element-049bb80 e-con-full animated-fast e-flex elementor-invisible e-con e-child\" data-id=\"049bb80\" data-element_type=\"container\" data-e-type=\"container\" data-settings=\"{&quot;background_background&quot;:&quot;slideshow&quot;,&quot;background_slideshow_gallery&quot;:[{&quot;id&quot;:7285,&quot;url&quot;:&quot;https:\\\/\\\/www.betonploty.sk\\\/arte-content\\\/uploads\\\/2025\\\/05\\\/kombinovany_drevo04.webp&quot;},{&quot;id&quot;:7287,&quot;url&quot;:&quot;https:\\\/\\\/www.betonploty.sk\\\/arte-content\\\/uploads\\\/2025\\\/05\\\/svahova_bariera02.webp&quot;},{&quot;id&quot;:7133,&quot;url&quot;:&quot;https:\\\/\\\/www.betonploty.sk\\\/arte-content\\\/uploads\\\/2025\\\/05\\\/TR-beton-plot.webp&quot;},{&quot;id&quot;:7271,&quot;url&quot;:&quot;https:\\\/\\\/www.betonploty.sk\\\/arte-content\\\/uploads\\\/2025\\\/05\\\/zahradna_architektura005.webp&quot;},{&quot;id&quot;:7278,&quot;url&quot;:&quot;https:\\\/\\\/www.betonploty.sk\\\/arte-content\\\/uploads\\\/2025\\\/05\\\/zahradna_architektura008.webp&quot;},{&quot;id&quot;:7209,&quot;url&quot;:&quot;https:\\\/\\\/www.betonploty.sk\\\/arte-content\\\/uploads\\\/2025\\\/05\\\/kombinovany-pletivo.webp&quot;}],&quot;background_slideshow_slide_transition&quot;:&quot;slide_left&quot;,&quot;animation&quot;:&quot;fadeInRight&quot;,&quot;animation_delay&quot;:500,&quot;background_slideshow_slide_duration&quot;:2000,&quot;background_slideshow_lazyload&quot;:&quot;yes&quot;,&quot;background_slideshow_loop&quot;:&quot;yes&quot;,&quot;background_slideshow_transition_duration&quot;:500}\">\n\t\t\t\t<div class=\"elementor-element elementor-element-370d0a0 elementor-view-default elementor-widget elementor-widget-icon\" data-id=\"370d0a0\" data-element_type=\"widget\" data-e-type=\"widget\" data-widget_type=\"icon.default\">\n\t\t\t\t<div class=\"elementor-widget-container\">\n\t\t\t\t\t\t\t<div class=\"elementor-icon-wrapper\">\n\t\t\t<div class=\"elementor-icon\">\n\t\t\t\t\t\t<\/div>\n\t\t<\/div>\n\t\t\t\t\t\t<\/div>\n\t\t\t\t<\/div>\n\t\t\t\t<div class=\"elementor-element elementor-element-2599ca2 elementor-align-center elementor-widget__width-inherit elementor-absolute elementor-widget elementor-widget-button\" data-id=\"2599ca2\" data-element_type=\"widget\" data-e-type=\"widget\" data-settings=\"{&quot;_position&quot;:&quot;absolute&quot;}\" data-widget_type=\"button.default\">\n\t\t\t\t<div class=\"elementor-widget-container\">\n\t\t\t\t\t\t\t\t\t<div class=\"elementor-button-wrapper\">\n\t\t\t\t\t<a class=\"elementor-button elementor-button-link elementor-size-sm\" href=\"\/category\/realizacie\/\">\n\t\t\t\t\t\t<span class=\"elementor-button-content-wrapper\">\n\t\t\t\t\t\t\t\t\t<span class=\"elementor-button-text\">REALIZ\u00c1CIE<\/span>\n\t\t\t\t\t<\/span>\n\t\t\t\t\t<\/a>\n\t\t\t\t<\/div>\n\t\t\t\t\t\t\t\t<\/div>\n\t\t\t\t<\/div>\n\t\t\t\t<\/div>\n\t\t<div class=\"elementor-element elementor-element-efaf85f e-con-full e-flex elementor-invisible e-con e-child\" data-id=\"efaf85f\" data-element_type=\"container\" data-e-type=\"container\" data-settings=\"{&quot;background_background&quot;:&quot;slideshow&quot;,&quot;background_slideshow_gallery&quot;:[{&quot;id&quot;:7049,&quot;url&quot;:&quot;https:\\\/\\\/www.betonploty.sk\\\/arte-content\\\/uploads\\\/2025\\\/05\\\/montaz_9973.webp&quot;},{&quot;id&quot;:7051,&quot;url&quot;:&quot;https:\\\/\\\/www.betonploty.sk\\\/arte-content\\\/uploads\\\/2025\\\/05\\\/montaz_9930.webp&quot;},{&quot;id&quot;:7050,&quot;url&quot;:&quot;https:\\\/\\\/www.betonploty.sk\\\/arte-content\\\/uploads\\\/2025\\\/05\\\/montaz_9937.webp&quot;},{&quot;id&quot;:7052,&quot;url&quot;:&quot;https:\\\/\\\/www.betonploty.sk\\\/arte-content\\\/uploads\\\/2025\\\/05\\\/montaz_474.webp&quot;}],&quot;animation&quot;:&quot;fadeIn&quot;,&quot;animation_delay&quot;:500,&quot;background_slideshow_slide_duration&quot;:2000,&quot;background_slideshow_lazyload&quot;:&quot;yes&quot;,&quot;background_slideshow_loop&quot;:&quot;yes&quot;,&quot;background_slideshow_slide_transition&quot;:&quot;fade&quot;,&quot;background_slideshow_transition_duration&quot;:500}\">\n\t\t\t\t<div class=\"elementor-element elementor-element-86318a9 elementor-view-default elementor-widget elementor-widget-icon\" data-id=\"86318a9\" data-element_type=\"widget\" data-e-type=\"widget\" data-widget_type=\"icon.default\">\n\t\t\t\t<div class=\"elementor-widget-container\">\n\t\t\t\t\t\t\t<div class=\"elementor-icon-wrapper\">\n\t\t\t<div class=\"elementor-icon\">\n\t\t\t\t\t\t<\/div>\n\t\t<\/div>\n\t\t\t\t\t\t<\/div>\n\t\t\t\t<\/div>\n\t\t\t\t<div class=\"elementor-element elementor-element-e0e6451 elementor-align-center elementor-widget__width-inherit elementor-absolute elementor-widget elementor-widget-button\" data-id=\"e0e6451\" data-element_type=\"widget\" data-e-type=\"widget\" data-settings=\"{&quot;_position&quot;:&quot;absolute&quot;}\" data-widget_type=\"button.default\">\n\t\t\t\t<div class=\"elementor-widget-container\">\n\t\t\t\t\t\t\t\t\t<div class=\"elementor-button-wrapper\">\n\t\t\t\t\t<a class=\"elementor-button elementor-button-link elementor-size-sm\" href=\"\/montaz\">\n\t\t\t\t\t\t<span class=\"elementor-button-content-wrapper\">\n\t\t\t\t\t\t\t\t\t<span class=\"elementor-button-text\">MONT\u00c1\u017d<br>BET\u00d3NOV\u00ddCH PLOTOV<\/span>\n\t\t\t\t\t<\/span>\n\t\t\t\t\t<\/a>\n\t\t\t\t<\/div>\n\t\t\t\t\t\t\t\t<\/div>\n\t\t\t\t<\/div>\n\t\t\t\t<\/div>\n\t\t<div class=\"elementor-element elementor-element-042c5cc e-con-full e-flex e-con e-child\" data-id=\"042c5cc\" data-element_type=\"container\" data-e-type=\"container\">\n\t\t\t\t<div class=\"elementor-element elementor-element-d74c126 elementor-align-center e-transform elementor-widget__width-inherit elementor-invisible elementor-widget elementor-widget-button\" data-id=\"d74c126\" data-element_type=\"widget\" data-e-type=\"widget\" data-settings=\"{&quot;_animation&quot;:&quot;bounceIn&quot;,&quot;_transform_scale_effect_hover&quot;:{&quot;unit&quot;:&quot;px&quot;,&quot;size&quot;:1.2,&quot;sizes&quot;:[]},&quot;_animation_delay&quot;:150,&quot;_transform_scale_effect_hover_tablet&quot;:{&quot;unit&quot;:&quot;px&quot;,&quot;size&quot;:&quot;&quot;,&quot;sizes&quot;:[]},&quot;_transform_scale_effect_hover_mobile&quot;:{&quot;unit&quot;:&quot;px&quot;,&quot;size&quot;:&quot;&quot;,&quot;sizes&quot;:[]}}\" data-widget_type=\"button.default\">\n\t\t\t\t<div class=\"elementor-widget-container\">\n\t\t\t\t\t\t\t\t\t<div class=\"elementor-button-wrapper\">\n\t\t\t\t\t<a class=\"elementor-button elementor-button-link elementor-size-sm\" href=\"\/online-kalkulacia\">\n\t\t\t\t\t\t<span class=\"elementor-button-content-wrapper\">\n\t\t\t\t\t\t<span class=\"elementor-button-icon\">\n\t\t\t\t<svg aria-hidden=\"true\" class=\"e-font-icon-svg e-fas-calculator\" viewBox=\"0 0 448 512\" xmlns=\"http:\/\/www.w3.org\/2000\/svg\"><path d=\"M400 0H48C22.4 0 0 22.4 0 48v416c0 25.6 22.4 48 48 48h352c25.6 0 48-22.4 48-48V48c0-25.6-22.4-48-48-48zM128 435.2c0 6.4-6.4 12.8-12.8 12.8H76.8c-6.4 0-12.8-6.4-12.8-12.8v-38.4c0-6.4 6.4-12.8 12.8-12.8h38.4c6.4 0 12.8 6.4 12.8 12.8v38.4zm0-128c0 6.4-6.4 12.8-12.8 12.8H76.8c-6.4 0-12.8-6.4-12.8-12.8v-38.4c0-6.4 6.4-12.8 12.8-12.8h38.4c6.4 0 12.8 6.4 12.8 12.8v38.4zm128 128c0 6.4-6.4 12.8-12.8 12.8h-38.4c-6.4 0-12.8-6.4-12.8-12.8v-38.4c0-6.4 6.4-12.8 12.8-12.8h38.4c6.4 0 12.8 6.4 12.8 12.8v38.4zm0-128c0 6.4-6.4 12.8-12.8 12.8h-38.4c-6.4 0-12.8-6.4-12.8-12.8v-38.4c0-6.4 6.4-12.8 12.8-12.8h38.4c6.4 0 12.8 6.4 12.8 12.8v38.4zm128 128c0 6.4-6.4 12.8-12.8 12.8h-38.4c-6.4 0-12.8-6.4-12.8-12.8V268.8c0-6.4 6.4-12.8 12.8-12.8h38.4c6.4 0 12.8 6.4 12.8 12.8v166.4zm0-256c0 6.4-6.4 12.8-12.8 12.8H76.8c-6.4 0-12.8-6.4-12.8-12.8V76.8C64 70.4 70.4 64 76.8 64h294.4c6.4 0 12.8 6.4 12.8 12.8v102.4z\"><\/path><\/svg>\t\t\t<\/span>\n\t\t\t\t\t\t\t\t\t<span class=\"elementor-button-text\">ON-LINE KALKUL\u00c1CIA<\/span>\n\t\t\t\t\t<\/span>\n\t\t\t\t\t<\/a>\n\t\t\t\t<\/div>\n\t\t\t\t\t\t\t\t<\/div>\n\t\t\t\t<\/div>\n\t\t\t\t<\/div>\n\t\t\t\t<\/div>\n\t\t\t\t<\/div>\n\t\t\t\t\t<\/div>\n\t\t\t\t<\/div>\n\t\t\t\t<\/div>\n\t\t","protected":false},"excerpt":{"rendered":"<p>TR beton, s.r.o. je stabiln\u00e1 slovensk\u00e1 firma so s\u00eddlom v obci \u0160\u00farovce a s prev\u00e1dzkou v are\u00e1li Horses Zemiansky dvor (b\u00fdval\u00e9 PD), Krakovsk\u00e1 67.U\u017e od roku 2006 sa \u0161pecializujeme na v\u00fdrobu, predaj a mont\u00e1\u017e bet\u00f3nov\u00e9ho bari\u00e9rov\u00e9ho oplotenia. Na\u0161im cie\u013eom je poskytova\u0165 spo\u013eahliv\u00e9 a trv\u00e1cne rie\u0161enia pre oplotenie domov, firiem aj verejn\u00fdch priestranstiev v\u010faka kvalitn\u00fdm produktom [&hellip;]<\/p>\n","protected":false},"author":1,"featured_media":0,"parent":0,"menu_order":0,"comment_status":"closed","ping_status":"closed","template":"","meta":{"footnotes":""},"class_list":["post-6285","page","type-page","status-publish","hentry"],"blocksy_meta":[],"_links":{"self":[{"href":"https:\/\/betonploty.sk\/pl\/wp-json\/wp\/v2\/pages\/6285","targetHints":{"allow":["GET"]}}],"collection":[{"href":"https:\/\/betonploty.sk\/pl\/wp-json\/wp\/v2\/pages"}],"about":[{"href":"https:\/\/betonploty.sk\/pl\/wp-json\/wp\/v2\/types\/page"}],"author":[{"embeddable":true,"href":"https:\/\/betonploty.sk\/pl\/wp-json\/wp\/v2\/users\/1"}],"replies":[{"embeddable":true,"href":"https:\/\/betonploty.sk\/pl\/wp-json\/wp\/v2\/comments?post=6285"}],"version-history":[{"count":0,"href":"https:\/\/betonploty.sk\/pl\/wp-json\/wp\/v2\/pages\/6285\/revisions"}],"wp:attachment":[{"href":"https:\/\/betonploty.sk\/pl\/wp-json\/wp\/v2\/media?parent=6285"}],"curies":[{"name":"wp","href":"https:\/\/api.w.org\/{rel}","templated":true}]}}